{"id":7,"date":"2023-10-22T14:17:36","date_gmt":"2023-10-22T14:17:36","guid":{"rendered":"http:\/\/164.132.244.99\/?page_id=7"},"modified":"2025-09-26T15:59:00","modified_gmt":"2025-09-26T15:59:00","slug":"page_accueil","status":"publish","type":"page","link":"http:\/\/lueurdespoirva92.fr\/","title":{"rendered":""},"content":{"rendered":"\n<p><font _mstmutation=\"1\"><\/font><\/p>\n\n\n\n<div class=\"wp-block-cover alignfull is-light has-parallax\" style=\"background-image:url(http:\/\/lueurdespoirva92.fr\/wp-content\/uploads\/2024\/01\/20231216_130221-scaled-e1709750364413.jpg);  min-height:538px\" style=\"padding-top:var(--wp--preset--spacing--30);padding-right:var(--wp--preset--spacing--30);padding-bottom:var(--wp--preset--spacing--30);padding-left:var(--wp--preset--spacing--30);min-height:538px\" id=\"<div-class=&quot;scrolling-image&quot;&gt;-----<img-src=&quot;http:\/\/164.132.244.99\/&quot;-alt=&quot;Description-de-l'image&quot;&gt;-<\/div&gt;\"><span aria-hidden=\"true\" class=\"wp-block-cover__background has-background-dim-10 has-background-dim\"><\/span><div class=\"wp-block-cover__inner-container\">\n<h2 class=\"alignwide has-text-align-center wp-block-heading has-text-color\" style=\"color:#ffe074;margin-top:0;margin-right:0;margin-bottom:0;margin-left:0;padding-top:0;padding-right:0;padding-bottom:0;padding-left:0;font-size:clamp(48px, 3rem + ((1vw - 7.68px) * 1.923), 64px);font-style:normal;font-weight:600\">Association Lueur d&rsquo;espoir Ville d&rsquo;Avray 92<\/h2>\n\n\n\n<div class=\"is-layout-flex wp-container-3 wp-block-columns alignwide\">\n<div class=\"is-layout-flow wp-block-column\" style=\"flex-basis:55%\">\n<p class=\"has-text-color\" style=\"color:#ffe074;font-size:12px;line-height:1.3\"><\/p>\n<\/div>\n\n\n\n<div class=\"is-layout-flow wp-block-column\"><\/div>\n<\/div>\n<\/div><\/div>\n\n\n\n<p class=\"has-text-align-center\" style=\"font-style:normal;font-weight:600\">NOUS CONNA\u00ceTRE<\/p>\n\n\n\n<p class=\"has-text-align-center has-cyan-bluish-gray-color has-text-color\" style=\"font-style:normal;font-weight:600\">&#8211; &#8211; &#8211; &#8211; &#8211; &#8211;<strong>\u25bc<\/strong> &#8211; &#8211; &#8211; &#8211; &#8211; &#8211;<\/p>\n\n\n\n<div class=\"is-layout-flow wp-block-group alignfull has-background\" style=\"background-color:#fcf4bc;padding-top:6vw;padding-right:6vw;padding-bottom:6vw;padding-left:6vw;font-style:normal;font-weight:600\">\n<div class=\"is-vertical is-nowrap is-layout-flex wp-container-4 wp-block-group alignwide\" style=\"padding-top:0;padding-right:0;padding-bottom:0;padding-left:0\">\n<p class=\"has-text-color\"><span style=\"font-size: 13.0pt; color: black;\">Dans le monde entier, l\u2019\u00e9lectricit\u00e9 joue un r\u00f4le primordial dans nos vies, que ce soit pour l\u2019alimentation, le chauffage, l\u2019\u00e9clairage et m\u00eame, depuis peu, pour nos d\u00e9placements gr\u00e2ce aux nouvelles formes de mobilit\u00e9. Cependant, plusieurs endroits sur Terre ne disposent pas d\u2019un acc\u00e8s \u00e0 l\u2019\u00e9lectricit\u00e9, comme dans les pays \u00e9mergents.<\/span><\/p>\n<p><!--StartFragment --><span class=\"cf0\">C\u2019est pourquoi l\u2019association Lueur d\u2019Espoir, avec la collaboration de <\/span><span class=\"cf0\">Kassoumai<\/span><span class=\"cf0\"> 78, a d\u00e9cid\u00e9 d\u2019apporter son aide \u00e0 des populations en difficult\u00e9 \u00e9nerg\u00e9tique, notamment avec le projet d\u2019\u00e9lectrifier deux villages de Casamance, <\/span><span class=\"cf0\">Diongol<\/span><span class=\"cf0\"> et <\/span><span class=\"cf0\">Ngoniam<\/span><span class=\"cf0\">, gr\u00e2ce \u00e0 une centrale photovolta\u00efque hybride.<\/span><!--EndFragment --><\/p>\n<\/div>\n\n\n\n<figure class=\"is-layout-flex wp-block-gallery-5 wp-block-gallery has-nested-images columns-default is-cropped\">\n<figure class=\"wp-block-image size-large\"><img decoding=\"async\" loading=\"lazy\" width=\"533\" height=\"355\" src=\"http:\/\/164.132.244.99\/wp-content\/uploads\/2023\/10\/image-2-1.png\" alt=\"\" class=\"wp-image-47\" srcset=\"http:\/\/lueurdespoirva92.fr\/wp-content\/uploads\/2023\/10\/image-2-1.png 533w, http:\/\/lueurdespoirva92.fr\/wp-content\/uploads\/2023\/10\/image-2-1-300x200.png 300w\" sizes=\"(max-width: 533px) 100vw, 533px\" \/><figcaption class=\"wp-element-caption\"><strong>Exemple de centrale photovoltaique, Ouonk<\/strong><\/figcaption><\/figure>\n\n\n\n<figure class=\"wp-block-image size-large\"><img decoding=\"async\" loading=\"lazy\" width=\"571\" height=\"381\" src=\"http:\/\/164.132.244.99\/wp-content\/uploads\/2023\/10\/image-3.png\" alt=\"\" class=\"wp-image-52\" srcset=\"http:\/\/lueurdespoirva92.fr\/wp-content\/uploads\/2023\/10\/image-3.png 571w, http:\/\/lueurdespoirva92.fr\/wp-content\/uploads\/2023\/10\/image-3-300x200.png 300w\" sizes=\"(max-width: 571px) 100vw, 571px\" \/><figcaption class=\"wp-element-caption\"><strong>Centre du Village de Diongol (Casamance)<\/strong><\/figcaption><\/figure>\n<\/figure>\n\n\n\n<p>En Afrique et donc au S\u00e9n\u00e9gal, l\u2019\u00e9lectricit\u00e9 est un facteur fondamental, avec la sant\u00e9 et l\u2019enseignement, pour assurer un d\u00e9veloppement \u00e9conomique et d\u00e9mographique important.<\/p>\n\n\n\n<p><br>La Basse Casamance est une r\u00e9gion du S\u00e9n\u00e9gal essentiellement rurale dont 40% des habitants n\u2019ont pas encore acc\u00e8s \u00e0 l\u2019\u00e9lectricit\u00e9. Les villages du Nord de la commune de Suelle ne sont pas connect\u00e9s au r\u00e9seau, et leurs principales sources d\u2019\u00e9nergie sont le bois et le charbon pour la cuisson, et des lampes \u00e0 pile pour l\u2019\u00e9clairage\u2026<\/p>\n\n\n\n<p><br>L\u2019approvisionnement en mati\u00e8res premi\u00e8res pour produire de l\u2019\u00e9nergie repr\u00e9sente un poste de d\u00e9pense de plus en plus important dans le budget des foyers des villages ruraux. Dans ces conditions, le potentiel d\u2019activit\u00e9 \u00e9conomique est r\u00e9duit, ce qui renforce la pr\u00e9carit\u00e9 des habitants et les pousse \u00e0 l\u2019exode.<\/p>\n\n\n\n<p>Le \u00ab photovolta\u00efque \u00bb apporte une r\u00e9ponse \u00e0 plusieurs d\u00e9fis :<\/p>\n\n\n\n<ul>\n<li>\u00c9viter l\u2019exode rural et d\u00e9velopper les villages<\/li>\n\n\n\n<li>Lutter contre la pauvret\u00e9 et le changement climatique<\/li>\n\n\n\n<li>Am\u00e9liorer les conditions de vie des populations non \u00e9lectrifi\u00e9es et contribuer \u00e0 la transition \u00e9nerg\u00e9tique<\/li>\n<\/ul>\n<\/div>\n\n\n\n<h2 style=\"font-style:normal;font-weight:600\">Les partenaires financiers :<\/h2>\n\n\n\n<div class=\"has-global-padding is-layout-constrained wp-block-group\"><\/div>\n\n\n\n<div class=\"has-global-padding is-layout-constrained wp-block-group alignwide\">\n<figure class=\"wp-block-image alignwide size-full\"><img decoding=\"async\" loading=\"lazy\" width=\"830\" height=\"375\" src=\"http:\/\/164.132.244.99\/wp-content\/uploads\/2024\/03\/fond_partenaire.png\" alt=\"\" class=\"wp-image-696\" srcset=\"http:\/\/lueurdespoirva92.fr\/wp-content\/uploads\/2024\/03\/fond_partenaire.png 830w, http:\/\/lueurdespoirva92.fr\/wp-content\/uploads\/2024\/03\/fond_partenaire-300x136.png 300w, http:\/\/lueurdespoirva92.fr\/wp-content\/uploads\/2024\/03\/fond_partenaire-768x347.png 768w\" sizes=\"(max-width: 830px) 100vw, 830px\" \/><\/figure>\n<\/div>\n\n\n\n<hr class=\"wp-block-separator has-alpha-channel-opacity is-style-wide\"\/>\n\n\n\n<div class=\"wp-block-media-text alignwide is-stacked-on-mobile\" style=\"grid-template-columns:15% auto\"><figure class=\"wp-block-media-text__media\"><a href=\"https:\/\/kassoumai78.org\/\"><img decoding=\"async\" loading=\"lazy\" width=\"209\" height=\"241\" src=\"http:\/\/164.132.244.99\/wp-content\/uploads\/2023\/10\/image-1.png\" alt=\"\" class=\"wp-image-43 size-full\"\/><\/a><\/figure><div class=\"wp-block-media-text__content\">\n<p style=\"font-style:normal;font-weight:600\">Lueur d&rsquo;Espoir est en partenariat avec l&rsquo;association Kassoumai 78, qui \u00e0 d\u00e9j\u00e0 r\u00e9alis\u00e9 plusieurs projets similaires dans la r\u00e9gion de Casamance au S\u00e9n\u00e9gal depuis 25 ans : <a href=\"https:\/\/kassoumai78.org\/\">https:\/\/kassoumai78.org\/<\/a><\/p>\n<\/div><\/div>\n\n\n\n<hr class=\"wp-block-separator has-alpha-channel-opacity is-style-wide\"\/>\n\n\n\n<div class=\"wp-block-media-text alignwide is-stacked-on-mobile\" style=\"grid-template-columns:17% auto\"><figure class=\"wp-block-media-text__media\"><img decoding=\"async\" loading=\"lazy\" width=\"242\" height=\"65\" src=\"http:\/\/164.132.244.99\/wp-content\/uploads\/2023\/10\/Sans-titre_edited.jpg\" alt=\"\" class=\"wp-image-51 size-full\"\/><\/figure><div class=\"wp-block-media-text__content\">\n<p style=\"font-style:normal;font-weight:600\">N&rsquo;h\u00e9sitez pas \u00e0 faire un don pour soutenir notre association<\/p>\n\n\n<a style=\"font-style:normal;font-weight:600;\" class=\"wp-block-read-more\" href=\"http:\/\/lueurdespoirva92.fr\/\" target=\"_self\">Cagnotte : PROJET LUEUR D&rsquo;ESPOIR D\u2019\u00c9LECTRIFICATION<a href=\"https:\/\/www.leetchi.com\/fr\/c\/lueur-despoir-52989013\"> EN CASAMANCE &#8211; Leetchi.com<\/a><\/a><\/div><\/div>\n\n\n\n<div class=\"has-global-padding is-layout-constrained wp-block-group\">\n<hr class=\"wp-block-separator has-alpha-channel-opacity is-style-wide\"\/>\n<\/div>\n","protected":false},"excerpt":{"rendered":"<p>NOUS CONNA\u00ceTRE &#8211; &#8211; &#8211; &#8211; &#8211; &#8211;\u25bc &#8211; &#8211; &#8211; &#8211; &#8211; &#8211; Dans le monde entier, l\u2019\u00e9lectricit\u00e9 joue un r\u00f4le primordial dans nos vies, que ce soit pour l\u2019alimentation, le chauffage, l\u2019\u00e9clairage et m\u00eame, depuis peu, pour nos d\u00e9placements gr\u00e2ce aux nouvelles formes de mobilit\u00e9. Cependant, plusieurs endroits sur Terre ne disposent pas [&hellip;]<\/p>\n","protected":false},"author":1,"featured_media":185,"parent":0,"menu_order":0,"comment_status":"closed","ping_status":"closed","template":"","meta":[],"_links":{"self":[{"href":"http:\/\/lueurdespoirva92.fr\/index.php\/wp-json\/wp\/v2\/pages\/7"}],"collection":[{"href":"http:\/\/lueurdespoirva92.fr\/index.php\/wp-json\/wp\/v2\/pages"}],"about":[{"href":"http:\/\/lueurdespoirva92.fr\/index.php\/wp-json\/wp\/v2\/types\/page"}],"author":[{"embeddable":true,"href":"http:\/\/lueurdespoirva92.fr\/index.php\/wp-json\/wp\/v2\/users\/1"}],"replies":[{"embeddable":true,"href":"http:\/\/lueurdespoirva92.fr\/index.php\/wp-json\/wp\/v2\/comments?post=7"}],"version-history":[{"count":100,"href":"http:\/\/lueurdespoirva92.fr\/index.php\/wp-json\/wp\/v2\/pages\/7\/revisions"}],"predecessor-version":[{"id":857,"href":"http:\/\/lueurdespoirva92.fr\/index.php\/wp-json\/wp\/v2\/pages\/7\/revisions\/857"}],"wp:featuredmedia":[{"embeddable":true,"href":"http:\/\/lueurdespoirva92.fr\/index.php\/wp-json\/wp\/v2\/media\/185"}],"wp:attachment":[{"href":"http:\/\/lueurdespoirva92.fr\/index.php\/wp-json\/wp\/v2\/media?parent=7"}],"curies":[{"name":"wp","href":"https:\/\/api.w.org\/{rel}","templated":true}]}}